{"id":50,"date":"2025-07-24T08:09:53","date_gmt":"2025-07-24T01:09:53","guid":{"rendered":"https:\/\/tasblockindo.com\/home\/"},"modified":"2025-09-04T14:37:43","modified_gmt":"2025-09-04T07:37:43","slug":"home","status":"publish","type":"page","link":"https:\/\/tasblock.com\/vi\/","title":{"rendered":"Trang ch\u1ee7"},"content":{"rendered":"welcome to tasblock\n\n\nRedefine strength\n\n\n<p>v\u00e0 t\u00ednh b\u1ec1n v\u1eefng <\/p>\n\n\n<p>v\u1edbi v\u1eadt li\u1ec7u composite<\/p>\n\n\nWith over 30 years of experience in composite material manufacturing, Tasblock is the leading manufacturer specializing in hot compression molding, providing high quality and unique products to markets worldwide.\n\n\n\n\n\n\n\nPopular Products\n\n\n\n\n\n\n\n<h2>Gh\u1ebf d\u00e0i \u2013 BK 001<\/h2>\n\n\n\n\n\n<h2>L\u00e1t g\u1ea1ch x\u00fac gi\u00e1c \u2013 TP 405<\/h2>\n\n\n\n\n\n<h2>Gh\u1ebf s\u00e2n v\u1eadn \u0111\u1ed9ng<\/h2>\n\n\n\n\n\n<h2>C\u1ed9t ch\u1eafn \u2013 BL 802<\/h2>\n\n\n\n\n\n<h2>Th\u00f9ng r\u00e1c \u2013 LB 002.3<\/h2>\n\n\n\n\n\n\nAround You, Every Step of the Way\n\n\nFrom busy sidewalks to shared indoor spaces, our street furniture is built to endure the elements.\n\n\n\n\n\n\n\n\n\n\n\n\n\n\n\n\n\n\n\n\n<span style=\"color: var(--pagelayer-color-text);\">V\u1eadt li\u1ec7u Tasblock c\u00f3 th\u1ec3 \u0111\u01b0\u1ee3c s\u1ea3n xu\u1ea5t v\u1edbi b\u1ea5t k\u1ef3 m\u00e0u s\u1eafc mong mu\u1ed1n n\u00e0o.<\/span>\n\n\n\n\n\n<span style=\"color: var(--pagelayer-color-text);\">V\u1eadt li\u1ec7u Tasblock c\u00f3 t\u00ednh \u1ed5n \u0111\u1ecbnh v\u1ec1 m\u1eb7t h\u00f3a h\u1ecdc v\u00e0 kh\u00f4ng b\u1ecb m\u1ea5t \u0111\u1ed9 b\u1ec1n c\u0169ng nh\u01b0 t\u00ednh ch\u1ea5t v\u1eadt l\u00fd theo th\u1eddi gian.<\/span>\n\n\n\n\n\n<span style=\"color: var(--pagelayer-color-text);\">Ti\u00eau t\u1ed1n \u00edt n\u0103ng l\u01b0\u1ee3ng s\u1ea3n xu\u1ea5t h\u01a1n so v\u1edbi th\u00e9p v\u00e0 b\u00ea t\u00f4ng. V\u1eadt li\u1ec7u c\u1ee7a ch\u00fang t\u00f4i \u0111\u01b0\u1ee3c l\u00e0m t\u1eeb c\u00e1c kho\u00e1ng ch\u1ea5t t\u1ef1 nhi\u00ean nh\u01b0 canxi, silica v\u00e0 nh\u1ef1a t\u1ed5ng h\u1ee3p.<\/span>\n\n\n\n\n\n\n<h2>Kh\u00e1ch h\u00e0ng h\u00e0i l\u00f2ng c\u1ee7a ch\u00fang t\u00f4i<\/h2>\n\n\n\n\n\n<p style=\"text-align: center;\"><span style=\"font-size: x-large;\">\n<\/span><\/p><p>We don&#8217;t just build products, we build trust. Our Customers love the \ndurability, quality, and lasting value&nbsp;we bring to every space. <br>T\u1eeb th\u00e0nh ph\u1ed1 \u0111\u1ebfn c\u1ea3nh quan tr\u00ean to\u00e0n th\u1ebf gi\u1edbi, ch\u00fang t\u00f4i t\u1ea1o ra c\u00e1c gi\u1ea3i ph\u00e1p b\u1ec1n v\u1eefng theo th\u1eddi gian, \u0111\u1ea3m b\u1ea3o s\u1ef1 h\u00e0i l\u00f2ng v\u1edbi m\u1ecdi d\u1ef1 \u00e1n.<\/p>\n<p>Lorem Ipsum has been the industry&#8217;s standard dummy text ever since the 1500s.<\/p>","protected":false},"excerpt":{"rendered":"","protected":false},"author":1,"featured_media":0,"parent":0,"menu_order":0,"comment_status":"closed","ping_status":"closed","template":"","meta":{"pagelayer_contact_templates":[],"_pagelayer_content":"","footnotes":""},"class_list":["post-50","page","type-page","status-publish","hentry"],"_links":{"self":[{"href":"https:\/\/tasblock.com\/vi\/wp-json\/wp\/v2\/pages\/50","targetHints":{"allow":["GET"]}}],"collection":[{"href":"https:\/\/tasblock.com\/vi\/wp-json\/wp\/v2\/pages"}],"about":[{"href":"https:\/\/tasblock.com\/vi\/wp-json\/wp\/v2\/types\/page"}],"author":[{"embeddable":true,"href":"https:\/\/tasblock.com\/vi\/wp-json\/wp\/v2\/users\/1"}],"replies":[{"embeddable":true,"href":"https:\/\/tasblock.com\/vi\/wp-json\/wp\/v2\/comments?post=50"}],"version-history":[{"count":64,"href":"https:\/\/tasblock.com\/vi\/wp-json\/wp\/v2\/pages\/50\/revisions"}],"predecessor-version":[{"id":1008,"href":"https:\/\/tasblock.com\/vi\/wp-json\/wp\/v2\/pages\/50\/revisions\/1008"}],"wp:attachment":[{"href":"https:\/\/tasblock.com\/vi\/wp-json\/wp\/v2\/media?parent=50"}],"curies":[{"name":"wp","href":"https:\/\/api.w.org\/{rel}","templated":true}]}}