{"id":51,"date":"2025-07-24T08:09:54","date_gmt":"2025-07-24T08:09:54","guid":{"rendered":"https:\/\/tasblockindo.com\/services\/"},"modified":"2025-08-20T08:16:09","modified_gmt":"2025-08-20T08:16:09","slug":"gallery","status":"publish","type":"page","link":"https:\/\/tasblock.com\/vi\/gallery\/","title":{"rendered":"Ph\u00f2ng tr\u01b0ng b\u00e0y"},"content":{"rendered":"<h2><span style=\"color: rgb(255, 255, 255); font-family: &quot;DM Sans&quot;; font-weight: 700; text-transform: uppercase; background-color: rgb(0, 41, 102);\">Xung quanh b\u1ea1n, m\u1ed7i b\u01b0\u1edbc ch\u00e2n tr\u00ean con \u0111\u01b0\u1eddng<\/span><\/h2>\n<h2>Project Portfolio<\/h2>\n\n\n\n\n<span style=\"background-color:#002966;\">Shaping Parks and Streets<\/span>\nInclusive Public Space Solutions\nTasblock manufactures composite solutions for infrastructure, including road utilities, urban furniture, and sidewalk accessories like tactile paving, bollards, benches, manhole covers, light poles, and more.","protected":false},"excerpt":{"rendered":"","protected":false},"author":1,"featured_media":0,"parent":0,"menu_order":0,"comment_status":"closed","ping_status":"closed","template":"","meta":{"pagelayer_contact_templates":[],"_pagelayer_content":"","footnotes":""},"class_list":["post-51","page","type-page","status-publish","hentry"],"_links":{"self":[{"href":"https:\/\/tasblock.com\/vi\/wp-json\/wp\/v2\/pages\/51","targetHints":{"allow":["GET"]}}],"collection":[{"href":"https:\/\/tasblock.com\/vi\/wp-json\/wp\/v2\/pages"}],"about":[{"href":"https:\/\/tasblock.com\/vi\/wp-json\/wp\/v2\/types\/page"}],"author":[{"embeddable":true,"href":"https:\/\/tasblock.com\/vi\/wp-json\/wp\/v2\/users\/1"}],"replies":[{"embeddable":true,"href":"https:\/\/tasblock.com\/vi\/wp-json\/wp\/v2\/comments?post=51"}],"version-history":[{"count":39,"href":"https:\/\/tasblock.com\/vi\/wp-json\/wp\/v2\/pages\/51\/revisions"}],"predecessor-version":[{"id":757,"href":"https:\/\/tasblock.com\/vi\/wp-json\/wp\/v2\/pages\/51\/revisions\/757"}],"wp:attachment":[{"href":"https:\/\/tasblock.com\/vi\/wp-json\/wp\/v2\/media?parent=51"}],"curies":[{"name":"wp","href":"https:\/\/api.w.org\/{rel}","templated":true}]}}