{"id":656,"date":"2025-08-12T08:35:23","date_gmt":"2025-08-12T08:35:23","guid":{"rendered":"https:\/\/tasblockindo.com\/?page_id=656"},"modified":"2025-08-20T05:00:42","modified_gmt":"2025-08-20T05:00:42","slug":"litter-bin","status":"publish","type":"page","link":"https:\/\/tasblock.com\/vi\/litter-bin\/","title":{"rendered":"Th\u00f9ng r\u00e1c"},"content":{"rendered":"<span style=\"background-color:#002966;\">Gi\u1ea3i ph\u00e1p th\u00f4ng minh cho c\u1ea3nh quan<\/span>\nTh\u00f9ng r\u00e1c\n\n\n\n\n\n\n\n\n<h2>LB002<\/h2>\nVolume: 90 Liter\/bins<br>\u0110\u01b0\u1eddng k\u00ednh: 40 cm<br>Chi\u1ec1u cao: 133 cm\n\n\n\n<h2>LB004<\/h2>\nTh\u1ec3 t\u00edch: 90 l\u00edt<br>\u0110\u01b0\u1eddng k\u00ednh: 40 cm\n<br>Chi\u1ec1u cao: 92 cm\n\n\n\n<h2>LB005<\/h2>\n2 Th\u00f9ng Th\u1ec3 t\u00edch: 50 L\u00edt\n<br>3 Th\u00f9ng ch\u1ee9a Th\u1ec3 t\u00edch: 70 L\u00edt\n<br>K\u00edch th\u01b0\u1edbc 2 th\u00f9ng: 80 x 30 cm\n<br>K\u00edch th\u01b0\u1edbc 3 th\u00f9ng: 120 x 30 cm <br>&nbsp;Chi\u1ec1u cao: 90 cm","protected":false},"excerpt":{"rendered":"","protected":false},"author":1,"featured_media":0,"parent":0,"menu_order":0,"comment_status":"closed","ping_status":"closed","template":"","meta":{"pagelayer_contact_templates":[],"_pagelayer_content":"","footnotes":""},"class_list":["post-656","page","type-page","status-publish","hentry"],"_links":{"self":[{"href":"https:\/\/tasblock.com\/vi\/wp-json\/wp\/v2\/pages\/656","targetHints":{"allow":["GET"]}}],"collection":[{"href":"https:\/\/tasblock.com\/vi\/wp-json\/wp\/v2\/pages"}],"about":[{"href":"https:\/\/tasblock.com\/vi\/wp-json\/wp\/v2\/types\/page"}],"author":[{"embeddable":true,"href":"https:\/\/tasblock.com\/vi\/wp-json\/wp\/v2\/users\/1"}],"replies":[{"embeddable":true,"href":"https:\/\/tasblock.com\/vi\/wp-json\/wp\/v2\/comments?post=656"}],"version-history":[{"count":14,"href":"https:\/\/tasblock.com\/vi\/wp-json\/wp\/v2\/pages\/656\/revisions"}],"predecessor-version":[{"id":734,"href":"https:\/\/tasblock.com\/vi\/wp-json\/wp\/v2\/pages\/656\/revisions\/734"}],"wp:attachment":[{"href":"https:\/\/tasblock.com\/vi\/wp-json\/wp\/v2\/media?parent=656"}],"curies":[{"name":"wp","href":"https:\/\/api.w.org\/{rel}","templated":true}]}}