{"id":864,"date":"2025-08-25T07:39:18","date_gmt":"2025-08-25T00:39:18","guid":{"rendered":"https:\/\/tasblockindo.com\/?page_id=864"},"modified":"2025-09-08T14:34:21","modified_gmt":"2025-09-08T07:34:21","slug":"catch-basin","status":"publish","type":"page","link":"https:\/\/tasblock.com\/vi\/catch-basin\/","title":{"rendered":"B\u1ec3 ch\u1ee9a n\u01b0\u1edbc"},"content":{"rendered":"<span style=\"background-color:#0047b2;\">Gi\u1ea3i ph\u00e1p th\u00f4ng minh cho c\u1ea3nh quan<\/span>\nT\u00ednh thi\u1ebft th\u1ef1c\n\n\n\n\n\n\n\n\n<h2>MH 001<\/h2>\n\u0110\u01b0\u1eddng k\u00ednh n\u1eafp: 60 x 30 cm\n<br>\u0110\u1ed9 d\u00e0y n\u1eafp: 7 cm\n<br>K\u00edch th\u01b0\u1edbc khung: 64 x 34 cm<br>Chi\u1ec1u cao khung: 50 cm\n<br>\u0110\u01b0\u1eddng k\u00ednh \u1ed1ng: 5,9 inch\n\n\n\n<h2>CB 002<\/h2>\n\u0110\u01b0\u1eddng k\u00ednh n\u1eafp: 50 x 20 cm\n<br>\u0110\u01b0\u1eddng k\u00ednh \u1ed1ng tho\u00e1t n\u01b0\u1edbc: 27 cm\n<br>K\u00edch th\u01b0\u1edbc khung: 54 x 24 cm\n<br>Chi\u1ec1u cao b\u00ean ngo\u00e0i: 34 cm\n<br>\u0110\u01b0\u1eddng k\u00ednh \u1ed1ng: 10,6 inch\n\n\n\n<h2>CB 003<\/h2>\nChi\u1ec1u d\u00e0i \u1ed1ng tho\u00e1t n\u01b0\u1edbc: 100 cm\n<br>Chi\u1ec1u r\u1ed9ng c\u1ed1ng: 22 cm\n<br>\u0110\u1ed9 s\u00e2u tho\u00e1t n\u01b0\u1edbc: 30 cm\n<br>\u0110\u1ed9 d\u00e0y khung: 2 cm\n<br>\u0110\u01b0\u1eddng k\u00ednh \u1ed1ng: 5,9 inch\n\n\n\n<h2>TD001<\/h2>\nChi\u1ec1u d\u00e0i \u1ed1ng tho\u00e1t n\u01b0\u1edbc: 100 cm\n<br>Chi\u1ec1u r\u1ed9ng c\u1ed1ng: 14 cm\n<br>\u0110\u1ed9 s\u00e2u tho\u00e1t n\u01b0\u1edbc: 10 cm\n<br>\u0110\u1ed9 d\u00e0y khung: 2 cm\n\n\n\n\n\n<h2>G\u00f3c TD 001<\/h2>\nK\u00edch th\u01b0\u1edbc: 23 x 22 x 12 cm\n<br>Chi\u1ec1u r\u1ed9ng c\u1ed1ng: 14 cm<br>\u0110\u1ed9 s\u00e2u tho\u00e1t n\u01b0\u1edbc: 10 cm<br>\u0110\u1ed9 d\u00e0y khung: 2 cm\n\n\n\n<h2>TD002<\/h2>\nChi\u1ec1u d\u00e0i \u1ed1ng tho\u00e1t n\u01b0\u1edbc: 100 cm\n<br>Chi\u1ec1u r\u1ed9ng c\u1ed1ng: 22 cm\n<br>\u0110\u1ed9 s\u00e2u tho\u00e1t n\u01b0\u1edbc: 30 cm\n<br>\u0110\u1ed9 d\u00e0y khung: 2 cm\n\n\n\n<h2>VB 001<\/h2>\nK\u00edch th\u01b0\u1edbc n\u1eafp: 37 x 6 x 1,5 cm<br>K\u00edch th\u01b0\u1edbc khung: 50 x 38 cm<br>Chi\u1ec1u cao khung: 30 cm\n<br>\u0110\u01b0\u1eddng k\u00ednh \u1ed1ng: 4,1 inch\n\n\n\n<h2>UB001<\/h2>\nK\u00edch th\u01b0\u1edbc n\u1eafp: 45 x 45 cm\n<br>\u0110\u1ed9 d\u00e0y n\u1eafp: 3 cm\n<br>K\u00edch th\u01b0\u1edbc th\u00e2n m\u00e1y: 48 x 48 cm\n<br>Chi\u1ec1u cao c\u01a1 th\u1ec3: 39 cm\n\n\n\n\n\n<h2>DD001<\/h2>\nK\u00edch th\u01b0\u1edbc b\u00ean ngo\u00e0i: 27 x 23 cm<br>\u0110\u1ed9 d\u00e0y: 7 cm\n<br>\u0110\u01b0\u1eddng k\u00ednh l\u1ed7: 7,4 inch\n\n\n\n<h2>GG 01-01<\/h2>\nTAS GG 01-01.1: 1 N\u1eafp\n<br>TAS GG 01-01.2: 2 N\u1eafp\n<br>K\u00edch th\u01b0\u1edbc n\u1eafp: 60 x 60 cm\n<br>K\u00edch th\u01b0\u1edbc khung: 62 x 73 cm\n<br>\u0110\u1ed9 d\u00e0y khung: 9 cm\n\n\n\n<h2>GG 02-02<\/h2>\nK\u00edch th\u01b0\u1edbc n\u1eafp: 30 x 60 cm<br>K\u00edch th\u01b0\u1edbc khung: 44 x 62 cm<br>\u0110\u1ed9 d\u00e0y khung: 9 cm\n\n\n\n<h2>GG 03-03<\/h2>\nGG 03-03.2 K\u00edch th\u01b0\u1edbc n\u1eafp: <br>40 x 100 cm x 2 N\u1eaeP<br>GG 03-03.2 K\u00edch th\u01b0\u1edbc khung: <br>91 x 110 <br>GG 03-03.1 K\u00edch th\u01b0\u1edbc khung: <br>50 x 110 cmcm<br>\u0110\u1ed9 d\u00e0y khung: 10 cm<br>\u0110\u1ed9 d\u00e0y n\u1eafp: 5 cm\n\n\n\n\n\n<h2>GG 03-04.1<\/h2>\nK\u00edch th\u01b0\u1edbc n\u1eafp: 80 X 100\n<br>\u0110\u1ed9 d\u00e0y n\u1eafp: 5 cm\n<br>K\u00edch th\u01b0\u1edbc khung: 91 x 110 cm<br>\u0110\u1ed9 d\u00e0y khung: 10 cm\n<br>K\u00edch th\u01b0\u1edbc l\u1ed7: 72 x 90 cm\n\n\n\n<h2>GG 005<\/h2>\nK\u00edch th\u01b0\u1edbc: 50 x 20 cm\n<br>\u0110\u1ed9 d\u00e0y: 1,7 cm\n\n\n\n<h2>GG 006<\/h2>\nDimension: 100 x 40 cm (As Requested)\n<br>Thickness: 3.3 cm\n\n\n\n<h2>GG 007<\/h2>\nDimension: 20 x 20 cm<br>Thickness: 2 cm\n\n\n\n\n\n<h2>GG 008<\/h2>\nDimension: 40 x 40 cm <br>Thickness: 2.5 cm\n\n\n\n<h2>GG 008<\/h2>\nDimension Option:\n<br>EB 001:  40 x 60 cm\n<br>EB 002:  30 x 40 cm\n<br>EB 003:  20 x 30 cm","protected":false},"excerpt":{"rendered":"","protected":false},"author":1,"featured_media":0,"parent":0,"menu_order":0,"comment_status":"closed","ping_status":"closed","template":"","meta":{"pagelayer_contact_templates":[],"_pagelayer_content":"","footnotes":""},"class_list":["post-864","page","type-page","status-publish","hentry"],"_links":{"self":[{"href":"https:\/\/tasblock.com\/vi\/wp-json\/wp\/v2\/pages\/864","targetHints":{"allow":["GET"]}}],"collection":[{"href":"https:\/\/tasblock.com\/vi\/wp-json\/wp\/v2\/pages"}],"about":[{"href":"https:\/\/tasblock.com\/vi\/wp-json\/wp\/v2\/types\/page"}],"author":[{"embeddable":true,"href":"https:\/\/tasblock.com\/vi\/wp-json\/wp\/v2\/users\/1"}],"replies":[{"embeddable":true,"href":"https:\/\/tasblock.com\/vi\/wp-json\/wp\/v2\/comments?post=864"}],"version-history":[{"count":18,"href":"https:\/\/tasblock.com\/vi\/wp-json\/wp\/v2\/pages\/864\/revisions"}],"predecessor-version":[{"id":1041,"href":"https:\/\/tasblock.com\/vi\/wp-json\/wp\/v2\/pages\/864\/revisions\/1041"}],"wp:attachment":[{"href":"https:\/\/tasblock.com\/vi\/wp-json\/wp\/v2\/media?parent=864"}],"curies":[{"name":"wp","href":"https:\/\/api.w.org\/{rel}","templated":true}]}}